{"id":9156,"date":"2024-02-04T23:19:35","date_gmt":"2024-02-04T22:19:35","guid":{"rendered":"https:\/\/lsaletrado.com\/?page_id=9156"},"modified":"2024-02-24T23:32:45","modified_gmt":"2024-02-24T22:32:45","slug":"derecho-fiscal","status":"publish","type":"page","link":"https:\/\/lsaletrado.com\/?page_id=9156","title":{"rendered":"Derecho Fiscal"},"content":{"rendered":"\t\t<div data-elementor-type=\"wp-page\" data-elementor-id=\"9156\" class=\"elementor elementor-9156\">\n\t\t\t\t\t\t<section class=\"elementor-section elementor-top-section elementor-element elementor-element-40722fed elementor-section-boxed elementor-section-height-default elementor-section-height-default\" data-id=\"40722fed\" data-element_type=\"section\">\n\t\t\t\t\t\t<div class=\"elementor-container elementor-column-gap-default\">\n\t\t\t\t\t<div class=\"elementor-column elementor-col-100 elementor-top-column elementor-element elementor-element-3278579f\" data-id=\"3278579f\" data-element_type=\"column\">\n\t\t\t<div class=\"elementor-widget-wrap elementor-element-populated\">\n\t\t\t\t\t\t<div class=\"elementor-element elementor-element-404a54a elementor-widget elementor-widget-text-editor\" data-id=\"404a54a\" data-element_type=\"widget\" data-widget_type=\"text-editor.default\">\n\t\t\t\t<div class=\"elementor-widget-container\">\n\t\t\t\t\t\t\t\t\t<p>El Derecho Fiscal es una rama del ordenamiento jur\u00eddico que se encarga de regular las relaciones entre el Estado y los contribuyentes en materia de tributaci\u00f3n. Su principal objetivo es establecer las normas y principios que rigen la recaudaci\u00f3n de impuestos y otros tributos, as\u00ed como los derechos y obligaciones tanto de los contribuyentes como de las autoridades fiscales. Esta disciplina abarca aspectos como la determinaci\u00f3n de los impuestos, las exenciones fiscales, los procedimientos de fiscalizaci\u00f3n y control, las sanciones por incumplimiento, entre otros.<\/p><p>El Derecho Fiscal busca garantizar la equidad, eficiencia y legalidad en la recaudaci\u00f3n de ingresos p\u00fablicos, as\u00ed como proteger los derechos de los contribuyentes frente al poder del Estado.<\/p>\t\t\t\t\t\t\t\t<\/div>\n\t\t\t\t<\/div>\n\t\t\t\t<div class=\"elementor-element elementor-element-7e22a8b2 elementor-widget elementor-widget-heading\" data-id=\"7e22a8b2\" data-element_type=\"widget\" data-widget_type=\"heading.default\">\n\t\t\t\t<div class=\"elementor-widget-container\">\n\t\t\t\t\t<h3 class=\"elementor-heading-title elementor-size-default\"><span>\u00bfQu\u00e9 hace por ti LSA Letrado?<\/span><\/h3>\t\t\t\t<\/div>\n\t\t\t\t<\/div>\n\t\t\t\t<div class=\"elementor-element elementor-element-cee3c9e elementor-widget elementor-widget-text-editor\" data-id=\"cee3c9e\" data-element_type=\"widget\" data-widget_type=\"text-editor.default\">\n\t\t\t\t<div class=\"elementor-widget-container\">\n\t\t\t\t\t\t\t\t\t<p>Una vez m\u00e1s, con nuestro soporte no tendr\u00e1s miedo de afrontar cualquier gesti\u00f3n con hacienda o relativa a tus obligaciones fiscales, ya que contar\u00e1s con el mejor asesoramiento que puedes encontrar.<\/p>\t\t\t\t\t\t\t\t<\/div>\n\t\t\t\t<\/div>\n\t\t\t\t\t<\/div>\n\t\t<\/div>\n\t\t\t\t\t<\/div>\n\t\t<\/section>\n\t\t\t\t<section class=\"elementor-section elementor-top-section elementor-element elementor-element-6f5ac159 elementor-section-boxed elementor-section-height-default elementor-section-height-default\" data-id=\"6f5ac159\" data-element_type=\"section\">\n\t\t\t\t\t\t<div class=\"elementor-container elementor-column-gap-default\">\n\t\t\t\t\t<div class=\"elementor-column elementor-col-50 elementor-top-column elementor-element elementor-element-188aa0b2\" data-id=\"188aa0b2\" data-element_type=\"column\">\n\t\t\t<div class=\"elementor-widget-wrap elementor-element-populated\">\n\t\t\t\t\t\t<div class=\"elementor-element elementor-element-85803c0 elementor-widget elementor-widget-rt-cta\" data-id=\"85803c0\" data-element_type=\"widget\" data-widget_type=\"rt-cta.default\">\n\t\t\t\t<div class=\"elementor-widget-container\">\n\t\t\t\t\t\n\n<!--=====================================-->\n<!--=     Call To Action Area Start     =-->\n<!--=====================================-->\n<section class=\"call-to-action-wrap-layout1 has-animation\">\n        <div class=\"row\">\n        <div class=\"col-lg-8 col-12\">\n                        <div class=\"call-to-action-box-layout1\">\n                <h2 class=\"item-title\">Somos especialistas en declaraciones de la renta<\/h2>\n            <\/div>\n                    <\/div>\n        <div class=\"col-lg-4 col-12 d-flex align-items-center justify-content-center justify-content-lg-end\">\n                        <div class=\"call-to-action-box-layout1\">\n                <a href=\"https:\/\/lsaletrado.com\/?page_id=9201\" class=\"btn-fill\">Cons\u00faltanos<\/a>\n            <\/div>\n                    <\/div>\n    <\/div>\n<\/section>\t\t\t\t<\/div>\n\t\t\t\t<\/div>\n\t\t\t\t\t<\/div>\n\t\t<\/div>\n\t\t\t\t<div class=\"elementor-column elementor-col-50 elementor-top-column elementor-element elementor-element-70367354\" data-id=\"70367354\" data-element_type=\"column\">\n\t\t\t<div class=\"elementor-widget-wrap elementor-element-populated\">\n\t\t\t\t\t\t<div class=\"elementor-element elementor-element-47588b3a elementor-widget elementor-widget-image\" data-id=\"47588b3a\" data-element_type=\"widget\" data-widget_type=\"image.default\">\n\t\t\t\t<div class=\"elementor-widget-container\">\n\t\t\t\t\t\t\t\t\t\t\t\t\t\t\t<img fetchpriority=\"high\" decoding=\"async\" width=\"600\" height=\"300\" src=\"https:\/\/i0.wp.com\/lsaletrado.com\/wp-content\/uploads\/2024\/02\/logo-agencia-tributaria.png?fit=600%2C300&amp;ssl=1\" class=\"attachment-full size-full wp-image-9285\" alt=\"\" srcset=\"https:\/\/i0.wp.com\/lsaletrado.com\/wp-content\/uploads\/2024\/02\/logo-agencia-tributaria.png?w=600&amp;ssl=1 600w, https:\/\/i0.wp.com\/lsaletrado.com\/wp-content\/uploads\/2024\/02\/logo-agencia-tributaria.png?resize=300%2C150&amp;ssl=1 300w\" sizes=\"(max-width: 600px) 100vw, 600px\" \/>\t\t\t\t\t\t\t\t\t\t\t\t\t\t\t<\/div>\n\t\t\t\t<\/div>\n\t\t\t\t\t<\/div>\n\t\t<\/div>\n\t\t\t\t\t<\/div>\n\t\t<\/section>\n\t\t\t\t<section class=\"elementor-section elementor-top-section elementor-element elementor-element-eff9d2c elementor-section-boxed elementor-section-height-default elementor-section-height-default\" data-id=\"eff9d2c\" data-element_type=\"section\">\n\t\t\t\t\t\t<div class=\"elementor-container elementor-column-gap-default\">\n\t\t\t\t\t<div class=\"elementor-column elementor-col-100 elementor-top-column elementor-element elementor-element-1bd1ce02\" data-id=\"1bd1ce02\" data-element_type=\"column\">\n\t\t\t<div class=\"elementor-widget-wrap elementor-element-populated\">\n\t\t\t\t\t\t<div class=\"elementor-element elementor-element-50071a9a elementor-widget elementor-widget-text-editor\" data-id=\"50071a9a\" data-element_type=\"widget\" data-widget_type=\"text-editor.default\">\n\t\t\t\t<div class=\"elementor-widget-container\">\n\t\t\t\t\t\t\t\t\t<p>La importancia de contar con una buena representaci\u00f3n en un caso de derecho fiscal radica en varios aspectos cruciales. Primero, un abogado especializado en derecho fiscal tiene el conocimiento profundo de las leyes tributarias y las complejidades del sistema fiscal, lo que permite identificar estrategias legales para minimizar la carga tributaria y evitar posibles sanciones por incumplimiento.<\/p><p>Adem\u00e1s, puede brindar asesoramiento experto en la planificaci\u00f3n fiscal, ayudando a optimizar la situaci\u00f3n financiera del cliente dentro del marco legal. Una representaci\u00f3n s\u00f3lida tambi\u00e9n puede ser vital en disputas con las autoridades fiscales, defendiendo los derechos del contribuyente y negociando acuerdos favorables.<\/p><p>En resumen, un abogado competente en derecho fiscal no solo protege los intereses financieros del cliente, sino que tambi\u00e9n garantiza el cumplimiento de las obligaciones fiscales de manera \u00e9tica y eficiente.<\/p>\t\t\t\t\t\t\t\t<\/div>\n\t\t\t\t<\/div>\n\t\t\t\t\t<\/div>\n\t\t<\/div>\n\t\t\t\t\t<\/div>\n\t\t<\/section>\n\t\t\t\t<section class=\"elementor-section elementor-top-section elementor-element elementor-element-216ee09 elementor-section-boxed elementor-section-height-default elementor-section-height-default\" data-id=\"216ee09\" data-element_type=\"section\">\n\t\t\t\t\t\t<div class=\"elementor-container elementor-column-gap-default\">\n\t\t\t\t\t<div class=\"elementor-column elementor-col-100 elementor-top-column elementor-element elementor-element-af71cad\" data-id=\"af71cad\" data-element_type=\"column\">\n\t\t\t<div class=\"elementor-widget-wrap elementor-element-populated\">\n\t\t\t\t\t\t<div class=\"elementor-element elementor-element-38d5d56 elementor-widget elementor-widget-image\" data-id=\"38d5d56\" data-element_type=\"widget\" data-widget_type=\"image.default\">\n\t\t\t\t<div class=\"elementor-widget-container\">\n\t\t\t\t\t\t\t\t\t\t\t\t\t\t\t<img decoding=\"async\" width=\"2251\" height=\"210\" src=\"https:\/\/i0.wp.com\/lsaletrado.com\/wp-content\/uploads\/2024\/02\/banner-kit-digital.png?fit=2251%2C210&amp;ssl=1\" class=\"attachment-full size-full wp-image-9362\" alt=\"\" srcset=\"https:\/\/i0.wp.com\/lsaletrado.com\/wp-content\/uploads\/2024\/02\/banner-kit-digital.png?w=2251&amp;ssl=1 2251w, https:\/\/i0.wp.com\/lsaletrado.com\/wp-content\/uploads\/2024\/02\/banner-kit-digital.png?resize=300%2C28&amp;ssl=1 300w, https:\/\/i0.wp.com\/lsaletrado.com\/wp-content\/uploads\/2024\/02\/banner-kit-digital.png?resize=1024%2C96&amp;ssl=1 1024w, https:\/\/i0.wp.com\/lsaletrado.com\/wp-content\/uploads\/2024\/02\/banner-kit-digital.png?resize=768%2C72&amp;ssl=1 768w, https:\/\/i0.wp.com\/lsaletrado.com\/wp-content\/uploads\/2024\/02\/banner-kit-digital.png?resize=1536%2C143&amp;ssl=1 1536w, https:\/\/i0.wp.com\/lsaletrado.com\/wp-content\/uploads\/2024\/02\/banner-kit-digital.png?resize=2048%2C191&amp;ssl=1 2048w\" sizes=\"(max-width: 1200px) 100vw, 1200px\" \/>\t\t\t\t\t\t\t\t\t\t\t\t\t\t\t<\/div>\n\t\t\t\t<\/div>\n\t\t\t\t\t<\/div>\n\t\t<\/div>\n\t\t\t\t\t<\/div>\n\t\t<\/section>\n\t\t\t\t<\/div>\n\t\t","protected":false},"excerpt":{"rendered":"<p>El Derecho Fiscal es una rama del ordenamiento jur\u00eddico que se encarga de regular las relaciones entre el Estado y los contribuyentes en materia de tributaci\u00f3n. Su principal objetivo es establecer las normas y principios que rigen la recaudaci\u00f3n de impuestos y otros tributos, as\u00ed como los derechos y obligaciones tanto de los contribuyentes como&#8230;<\/p>\n","protected":false},"author":1,"featured_media":0,"parent":3808,"menu_order":0,"comment_status":"closed","ping_status":"closed","template":"templates\/blank.php","meta":{"footnotes":""},"class_list":["post-9156","page","type-page","status-publish","hentry"],"yoast_head":"<!-- This site is optimized with the Yoast SEO plugin v26.0 - https:\/\/yoast.com\/wordpress\/plugins\/seo\/ -->\n<title>Derecho Fiscal - LSA Letrado<\/title>\n<meta name=\"robots\" content=\"index, follow, max-snippet:-1, max-image-preview:large, max-video-preview:-1\" \/>\n<link rel=\"canonical\" href=\"https:\/\/lsaletrado.com\/?page_id=9156\" \/>\n<meta property=\"og:locale\" content=\"es_ES\" \/>\n<meta property=\"og:type\" content=\"article\" \/>\n<meta property=\"og:title\" content=\"Derecho Fiscal - LSA Letrado\" \/>\n<meta property=\"og:description\" content=\"El Derecho Fiscal es una rama del ordenamiento jur\u00eddico que se encarga de regular las relaciones entre el Estado y los contribuyentes en materia de tributaci\u00f3n. Su principal objetivo es establecer las normas y principios que rigen la recaudaci\u00f3n de impuestos y otros tributos, as\u00ed como los derechos y obligaciones tanto de los contribuyentes como...\" \/>\n<meta property=\"og:url\" content=\"https:\/\/lsaletrado.com\/?page_id=9156\" \/>\n<meta property=\"og:site_name\" content=\"LSA Letrado\" \/>\n<meta property=\"article:modified_time\" content=\"2024-02-24T22:32:45+00:00\" \/>\n<meta property=\"og:image\" content=\"https:\/\/lsaletrado.com\/wp-content\/uploads\/2024\/02\/logo-agencia-tributaria.png\" \/>\n<meta name=\"twitter:card\" content=\"summary_large_image\" \/>\n<meta name=\"twitter:label1\" content=\"Tiempo de lectura\" \/>\n\t<meta name=\"twitter:data1\" content=\"2 minutos\" \/>\n<script type=\"application\/ld+json\" class=\"yoast-schema-graph\">{\"@context\":\"https:\/\/schema.org\",\"@graph\":[{\"@type\":\"WebPage\",\"@id\":\"https:\/\/lsaletrado.com\/?page_id=9156\",\"url\":\"https:\/\/lsaletrado.com\/?page_id=9156\",\"name\":\"Derecho Fiscal - LSA Letrado\",\"isPartOf\":{\"@id\":\"https:\/\/lsaletrado.com\/#website\"},\"primaryImageOfPage\":{\"@id\":\"https:\/\/lsaletrado.com\/?page_id=9156#primaryimage\"},\"image\":{\"@id\":\"https:\/\/lsaletrado.com\/?page_id=9156#primaryimage\"},\"thumbnailUrl\":\"https:\/\/lsaletrado.com\/wp-content\/uploads\/2024\/02\/logo-agencia-tributaria.png\",\"datePublished\":\"2024-02-04T22:19:35+00:00\",\"dateModified\":\"2024-02-24T22:32:45+00:00\",\"breadcrumb\":{\"@id\":\"https:\/\/lsaletrado.com\/?page_id=9156#breadcrumb\"},\"inLanguage\":\"es\",\"potentialAction\":[{\"@type\":\"ReadAction\",\"target\":[\"https:\/\/lsaletrado.com\/?page_id=9156\"]}]},{\"@type\":\"ImageObject\",\"inLanguage\":\"es\",\"@id\":\"https:\/\/lsaletrado.com\/?page_id=9156#primaryimage\",\"url\":\"https:\/\/i0.wp.com\/lsaletrado.com\/wp-content\/uploads\/2024\/02\/logo-agencia-tributaria.png?fit=600%2C300&ssl=1\",\"contentUrl\":\"https:\/\/i0.wp.com\/lsaletrado.com\/wp-content\/uploads\/2024\/02\/logo-agencia-tributaria.png?fit=600%2C300&ssl=1\",\"width\":600,\"height\":300},{\"@type\":\"BreadcrumbList\",\"@id\":\"https:\/\/lsaletrado.com\/?page_id=9156#breadcrumb\",\"itemListElement\":[{\"@type\":\"ListItem\",\"position\":1,\"name\":\"Portada\",\"item\":\"https:\/\/lsaletrado.com\/\"},{\"@type\":\"ListItem\",\"position\":2,\"name\":\"Home\",\"item\":\"https:\/\/lsaletrado.com\/\"},{\"@type\":\"ListItem\",\"position\":3,\"name\":\"Pr\u00e1cticas\",\"item\":\"https:\/\/lsaletrado.com\/?page_id=3808\"},{\"@type\":\"ListItem\",\"position\":4,\"name\":\"Derecho Fiscal\"}]},{\"@type\":\"WebSite\",\"@id\":\"https:\/\/lsaletrado.com\/#website\",\"url\":\"https:\/\/lsaletrado.com\/\",\"name\":\"LSA Letrado\",\"description\":\"\",\"publisher\":{\"@id\":\"https:\/\/lsaletrado.com\/#organization\"},\"potentialAction\":[{\"@type\":\"SearchAction\",\"target\":{\"@type\":\"EntryPoint\",\"urlTemplate\":\"https:\/\/lsaletrado.com\/?s={search_term_string}\"},\"query-input\":{\"@type\":\"PropertyValueSpecification\",\"valueRequired\":true,\"valueName\":\"search_term_string\"}}],\"inLanguage\":\"es\"},{\"@type\":\"Organization\",\"@id\":\"https:\/\/lsaletrado.com\/#organization\",\"name\":\"LSA Letrado\",\"url\":\"https:\/\/lsaletrado.com\/\",\"logo\":{\"@type\":\"ImageObject\",\"inLanguage\":\"es\",\"@id\":\"https:\/\/lsaletrado.com\/#\/schema\/logo\/image\/\",\"url\":\"https:\/\/lsaletrado.com\/wp-content\/uploads\/2024\/02\/Imagotipo-LSA-LETRADO-2-1.png\",\"contentUrl\":\"https:\/\/lsaletrado.com\/wp-content\/uploads\/2024\/02\/Imagotipo-LSA-LETRADO-2-1.png\",\"width\":2560,\"height\":816,\"caption\":\"LSA Letrado\"},\"image\":{\"@id\":\"https:\/\/lsaletrado.com\/#\/schema\/logo\/image\/\"}}]}<\/script>\n<!-- \/ Yoast SEO plugin. -->","yoast_head_json":{"title":"Derecho Fiscal - LSA Letrado","robots":{"index":"index","follow":"follow","max-snippet":"max-snippet:-1","max-image-preview":"max-image-preview:large","max-video-preview":"max-video-preview:-1"},"canonical":"https:\/\/lsaletrado.com\/?page_id=9156","og_locale":"es_ES","og_type":"article","og_title":"Derecho Fiscal - LSA Letrado","og_description":"El Derecho Fiscal es una rama del ordenamiento jur\u00eddico que se encarga de regular las relaciones entre el Estado y los contribuyentes en materia de tributaci\u00f3n. Su principal objetivo es establecer las normas y principios que rigen la recaudaci\u00f3n de impuestos y otros tributos, as\u00ed como los derechos y obligaciones tanto de los contribuyentes como...","og_url":"https:\/\/lsaletrado.com\/?page_id=9156","og_site_name":"LSA Letrado","article_modified_time":"2024-02-24T22:32:45+00:00","og_image":[{"url":"https:\/\/lsaletrado.com\/wp-content\/uploads\/2024\/02\/logo-agencia-tributaria.png","type":"","width":"","height":""}],"twitter_card":"summary_large_image","twitter_misc":{"Tiempo de lectura":"2 minutos"},"schema":{"@context":"https:\/\/schema.org","@graph":[{"@type":"WebPage","@id":"https:\/\/lsaletrado.com\/?page_id=9156","url":"https:\/\/lsaletrado.com\/?page_id=9156","name":"Derecho Fiscal - LSA Letrado","isPartOf":{"@id":"https:\/\/lsaletrado.com\/#website"},"primaryImageOfPage":{"@id":"https:\/\/lsaletrado.com\/?page_id=9156#primaryimage"},"image":{"@id":"https:\/\/lsaletrado.com\/?page_id=9156#primaryimage"},"thumbnailUrl":"https:\/\/lsaletrado.com\/wp-content\/uploads\/2024\/02\/logo-agencia-tributaria.png","datePublished":"2024-02-04T22:19:35+00:00","dateModified":"2024-02-24T22:32:45+00:00","breadcrumb":{"@id":"https:\/\/lsaletrado.com\/?page_id=9156#breadcrumb"},"inLanguage":"es","potentialAction":[{"@type":"ReadAction","target":["https:\/\/lsaletrado.com\/?page_id=9156"]}]},{"@type":"ImageObject","inLanguage":"es","@id":"https:\/\/lsaletrado.com\/?page_id=9156#primaryimage","url":"https:\/\/i0.wp.com\/lsaletrado.com\/wp-content\/uploads\/2024\/02\/logo-agencia-tributaria.png?fit=600%2C300&ssl=1","contentUrl":"https:\/\/i0.wp.com\/lsaletrado.com\/wp-content\/uploads\/2024\/02\/logo-agencia-tributaria.png?fit=600%2C300&ssl=1","width":600,"height":300},{"@type":"BreadcrumbList","@id":"https:\/\/lsaletrado.com\/?page_id=9156#breadcrumb","itemListElement":[{"@type":"ListItem","position":1,"name":"Portada","item":"https:\/\/lsaletrado.com\/"},{"@type":"ListItem","position":2,"name":"Home","item":"https:\/\/lsaletrado.com\/"},{"@type":"ListItem","position":3,"name":"Pr\u00e1cticas","item":"https:\/\/lsaletrado.com\/?page_id=3808"},{"@type":"ListItem","position":4,"name":"Derecho Fiscal"}]},{"@type":"WebSite","@id":"https:\/\/lsaletrado.com\/#website","url":"https:\/\/lsaletrado.com\/","name":"LSA Letrado","description":"","publisher":{"@id":"https:\/\/lsaletrado.com\/#organization"},"potentialAction":[{"@type":"SearchAction","target":{"@type":"EntryPoint","urlTemplate":"https:\/\/lsaletrado.com\/?s={search_term_string}"},"query-input":{"@type":"PropertyValueSpecification","valueRequired":true,"valueName":"search_term_string"}}],"inLanguage":"es"},{"@type":"Organization","@id":"https:\/\/lsaletrado.com\/#organization","name":"LSA Letrado","url":"https:\/\/lsaletrado.com\/","logo":{"@type":"ImageObject","inLanguage":"es","@id":"https:\/\/lsaletrado.com\/#\/schema\/logo\/image\/","url":"https:\/\/lsaletrado.com\/wp-content\/uploads\/2024\/02\/Imagotipo-LSA-LETRADO-2-1.png","contentUrl":"https:\/\/lsaletrado.com\/wp-content\/uploads\/2024\/02\/Imagotipo-LSA-LETRADO-2-1.png","width":2560,"height":816,"caption":"LSA Letrado"},"image":{"@id":"https:\/\/lsaletrado.com\/#\/schema\/logo\/image\/"}}]}},"jetpack_sharing_enabled":true,"_links":{"self":[{"href":"https:\/\/lsaletrado.com\/index.php?rest_route=\/wp\/v2\/pages\/9156","targetHints":{"allow":["GET"]}}],"collection":[{"href":"https:\/\/lsaletrado.com\/index.php?rest_route=\/wp\/v2\/pages"}],"about":[{"href":"https:\/\/lsaletrado.com\/index.php?rest_route=\/wp\/v2\/types\/page"}],"author":[{"embeddable":true,"href":"https:\/\/lsaletrado.com\/index.php?rest_route=\/wp\/v2\/users\/1"}],"replies":[{"embeddable":true,"href":"https:\/\/lsaletrado.com\/index.php?rest_route=%2Fwp%2Fv2%2Fcomments&post=9156"}],"version-history":[{"count":7,"href":"https:\/\/lsaletrado.com\/index.php?rest_route=\/wp\/v2\/pages\/9156\/revisions"}],"predecessor-version":[{"id":9692,"href":"https:\/\/lsaletrado.com\/index.php?rest_route=\/wp\/v2\/pages\/9156\/revisions\/9692"}],"up":[{"embeddable":true,"href":"https:\/\/lsaletrado.com\/index.php?rest_route=\/wp\/v2\/pages\/3808"}],"wp:attachment":[{"href":"https:\/\/lsaletrado.com\/index.php?rest_route=%2Fwp%2Fv2%2Fmedia&parent=9156"}],"curies":[{"name":"wp","href":"https:\/\/api.w.org\/{rel}","templated":true}]}}