{"id":9132,"date":"2024-02-04T23:16:44","date_gmt":"2024-02-04T22:16:44","guid":{"rendered":"https:\/\/lsaletrado.com\/?page_id=9132"},"modified":"2024-03-31T13:16:31","modified_gmt":"2024-03-31T11:16:31","slug":"derecho_sucesorio","status":"publish","type":"page","link":"https:\/\/lsaletrado.com\/?page_id=9132","title":{"rendered":"Derecho Sucesorio"},"content":{"rendered":"\t\t<div data-elementor-type=\"wp-page\" data-elementor-id=\"9132\" class=\"elementor elementor-9132\">\n\t\t\t\t\t\t<section class=\"elementor-section elementor-top-section elementor-element elementor-element-480b3880 elementor-section-boxed elementor-section-height-default elementor-section-height-default\" data-id=\"480b3880\" data-element_type=\"section\">\n\t\t\t\t\t\t<div class=\"elementor-container elementor-column-gap-default\">\n\t\t\t\t\t<div class=\"elementor-column elementor-col-100 elementor-top-column elementor-element elementor-element-24846c65\" data-id=\"24846c65\" data-element_type=\"column\">\n\t\t\t<div class=\"elementor-widget-wrap elementor-element-populated\">\n\t\t\t\t\t\t<div class=\"elementor-element elementor-element-6f898fc3 elementor-widget elementor-widget-text-editor\" data-id=\"6f898fc3\" data-element_type=\"widget\" data-widget_type=\"text-editor.default\">\n\t\t\t\t<div class=\"elementor-widget-container\">\n\t\t\t\t\t\t\t\t\t<p>El derecho sucesorio es el marco legal en el que se basan las herencias y los testamentos. Garantizar que el deseo del causante se cumpla es una tarea que puede llevar a desacuerdos entre los herederos. Abordar estos asuntos requiere del consejo experto del abogado, sin olvidar las dotes de mediaci\u00f3n entre los herederos, a fin de evitar conflictos que desemboque en un procedimiento judicial, en ocasiones, largo, doloroso y perjudicial para los familiares, sin olvidar el coste que ello supone.<\/p>\t\t\t\t\t\t\t\t<\/div>\n\t\t\t\t<\/div>\n\t\t\t\t<div class=\"elementor-element elementor-element-39d61b9e elementor-widget elementor-widget-heading\" data-id=\"39d61b9e\" data-element_type=\"widget\" data-widget_type=\"heading.default\">\n\t\t\t\t<div class=\"elementor-widget-container\">\n\t\t\t\t\t<h3 class=\"elementor-heading-title elementor-size-default\">\u00bfQu\u00e9 hace por ti LSA Letrado?<\/h3>\t\t\t\t<\/div>\n\t\t\t\t<\/div>\n\t\t\t\t<div class=\"elementor-element elementor-element-6cc29125 elementor-widget elementor-widget-text-editor\" data-id=\"6cc29125\" data-element_type=\"widget\" data-widget_type=\"text-editor.default\">\n\t\t\t\t<div class=\"elementor-widget-container\">\n\t\t\t\t\t\t\t\t\t<p>Te proporcionamos asesoramiento y orientaci\u00f3n para testamentos, herencias o cualquier otro asunto relacionado con el derecho de sucesiones. Puedes encontrarte en situaciones concretas como la adjudicaci\u00f3n de una herencia o la impugnaci\u00f3n de un testamento y aqu\u00ed es d\u00f3nde LSA Letrado puede ser de gran ayuda.<\/p><p>Para iniciar el proceso de herencia, necesitar\u00e1s proporcionar dos documentos fundamentales:<\/p>\t\t\t\t\t\t\t\t<\/div>\n\t\t\t\t<\/div>\n\t\t\t\t<section class=\"elementor-section elementor-inner-section elementor-element elementor-element-b905007 elementor-section-boxed elementor-section-height-default elementor-section-height-default\" data-id=\"b905007\" data-element_type=\"section\">\n\t\t\t\t\t\t<div class=\"elementor-container elementor-column-gap-default\">\n\t\t\t\t\t<div class=\"elementor-column elementor-col-50 elementor-inner-column elementor-element elementor-element-50503c2\" data-id=\"50503c2\" data-element_type=\"column\">\n\t\t\t<div class=\"elementor-widget-wrap elementor-element-populated\">\n\t\t\t\t\t\t<div class=\"elementor-element elementor-element-279bc0e elementor-view-default elementor-position-top elementor-mobile-position-top elementor-widget elementor-widget-icon-box\" data-id=\"279bc0e\" data-element_type=\"widget\" data-widget_type=\"icon-box.default\">\n\t\t\t\t<div class=\"elementor-widget-container\">\n\t\t\t\t\t\t\t<div class=\"elementor-icon-box-wrapper\">\n\n\t\t\t\t\t\t<div class=\"elementor-icon-box-icon\">\n\t\t\t\t<span  class=\"elementor-icon\">\n\t\t\t\t<i aria-hidden=\"true\" class=\"far fa-edit\"><\/i>\t\t\t\t<\/span>\n\t\t\t<\/div>\n\t\t\t\n\t\t\t\t\t\t<div class=\"elementor-icon-box-content\">\n\n\t\t\t\t\n\t\t\t\t\t\t\t\t\t<p class=\"elementor-icon-box-description\">\n\t\t\t\t\t\tCertificado de defunci\u00f3n.\t\t\t\t\t<\/p>\n\t\t\t\t\n\t\t\t<\/div>\n\t\t\t\n\t\t<\/div>\n\t\t\t\t\t\t<\/div>\n\t\t\t\t<\/div>\n\t\t\t\t\t<\/div>\n\t\t<\/div>\n\t\t\t\t<div class=\"elementor-column elementor-col-50 elementor-inner-column elementor-element elementor-element-22fc720\" data-id=\"22fc720\" data-element_type=\"column\">\n\t\t\t<div class=\"elementor-widget-wrap elementor-element-populated\">\n\t\t\t\t\t\t<div class=\"elementor-element elementor-element-d9e5e83 elementor-view-default elementor-position-top elementor-mobile-position-top elementor-widget elementor-widget-icon-box\" data-id=\"d9e5e83\" data-element_type=\"widget\" data-widget_type=\"icon-box.default\">\n\t\t\t\t<div class=\"elementor-widget-container\">\n\t\t\t\t\t\t\t<div class=\"elementor-icon-box-wrapper\">\n\n\t\t\t\t\t\t<div class=\"elementor-icon-box-icon\">\n\t\t\t\t<span  class=\"elementor-icon\">\n\t\t\t\t<i aria-hidden=\"true\" class=\"far fa-address-card\"><\/i>\t\t\t\t<\/span>\n\t\t\t<\/div>\n\t\t\t\n\t\t\t\t\t\t<div class=\"elementor-icon-box-content\">\n\n\t\t\t\t\n\t\t\t\t\t\t\t\t\t<p class=\"elementor-icon-box-description\">\n\t\t\t\t\t\tCertificado de \u00faltimas voluntades.\t\t\t\t\t<\/p>\n\t\t\t\t\n\t\t\t<\/div>\n\t\t\t\n\t\t<\/div>\n\t\t\t\t\t\t<\/div>\n\t\t\t\t<\/div>\n\t\t\t\t\t<\/div>\n\t\t<\/div>\n\t\t\t\t\t<\/div>\n\t\t<\/section>\n\t\t\t\t<div class=\"elementor-element elementor-element-d6be7ad elementor-widget elementor-widget-text-editor\" data-id=\"d6be7ad\" data-element_type=\"widget\" data-widget_type=\"text-editor.default\">\n\t\t\t\t<div class=\"elementor-widget-container\">\n\t\t\t\t\t\t\t\t\t<p>En ese momento, podremos identificar cualquier problema potencial y te aconsejaremos sobre los pr\u00f3ximos pasos a seguir y como actuar. No importa lo complejo que sea el problema, estamos preparados para ayudarte a encontrar una soluci\u00f3n.<\/p><p>El aspecto fiscal del procedimiento es esencial, pues vienen establecidos unos plazos que, de no cumplirse, acarrean recargos y multas ante las distintas Administraciones auton\u00f3micas y locales, variando estas seg\u00fan el territorio.<\/p>\t\t\t\t\t\t\t\t<\/div>\n\t\t\t\t<\/div>\n\t\t\t\t<div class=\"elementor-element elementor-element-c05d845 elementor-widget elementor-widget-heading\" data-id=\"c05d845\" data-element_type=\"widget\" data-widget_type=\"heading.default\">\n\t\t\t\t<div class=\"elementor-widget-container\">\n\t\t\t\t\t<h4 class=\"elementor-heading-title elementor-size-default\">Quiero compartir contigo un supuesto al que se enfrentan algunos herederos a la hora de ejercer su derecho frente a otros.<\/h4>\t\t\t\t<\/div>\n\t\t\t\t<\/div>\n\t\t\t\t\t<\/div>\n\t\t<\/div>\n\t\t\t\t\t<\/div>\n\t\t<\/section>\n\t\t\t\t<section class=\"elementor-section elementor-top-section elementor-element elementor-element-5c8d0536 elementor-section-boxed elementor-section-height-default elementor-section-height-default\" data-id=\"5c8d0536\" data-element_type=\"section\">\n\t\t\t\t\t\t<div class=\"elementor-container elementor-column-gap-default\">\n\t\t\t\t\t<div class=\"elementor-column elementor-col-50 elementor-top-column elementor-element elementor-element-7cdb0b86\" data-id=\"7cdb0b86\" data-element_type=\"column\">\n\t\t\t<div class=\"elementor-widget-wrap elementor-element-populated\">\n\t\t\t\t\t\t<div class=\"elementor-element elementor-element-3df29564 elementor-widget elementor-widget-image\" data-id=\"3df29564\" data-element_type=\"widget\" data-widget_type=\"image.default\">\n\t\t\t\t<div class=\"elementor-widget-container\">\n\t\t\t\t\t\t\t\t\t\t\t\t\t\t\t<img fetchpriority=\"high\" decoding=\"async\" width=\"2560\" height=\"1620\" src=\"https:\/\/i0.wp.com\/lsaletrado.com\/wp-content\/uploads\/2024\/03\/deceived-couple-disputing-about-mortgage-loan-with-2023-11-27-05-31-08-utc-scaled.jpg?fit=2560%2C1620&amp;ssl=1\" class=\"attachment-full size-full wp-image-9789\" alt=\"\" srcset=\"https:\/\/i0.wp.com\/lsaletrado.com\/wp-content\/uploads\/2024\/03\/deceived-couple-disputing-about-mortgage-loan-with-2023-11-27-05-31-08-utc-scaled.jpg?w=2560&amp;ssl=1 2560w, https:\/\/i0.wp.com\/lsaletrado.com\/wp-content\/uploads\/2024\/03\/deceived-couple-disputing-about-mortgage-loan-with-2023-11-27-05-31-08-utc-scaled.jpg?resize=300%2C190&amp;ssl=1 300w, https:\/\/i0.wp.com\/lsaletrado.com\/wp-content\/uploads\/2024\/03\/deceived-couple-disputing-about-mortgage-loan-with-2023-11-27-05-31-08-utc-scaled.jpg?resize=1024%2C648&amp;ssl=1 1024w, https:\/\/i0.wp.com\/lsaletrado.com\/wp-content\/uploads\/2024\/03\/deceived-couple-disputing-about-mortgage-loan-with-2023-11-27-05-31-08-utc-scaled.jpg?resize=768%2C486&amp;ssl=1 768w, https:\/\/i0.wp.com\/lsaletrado.com\/wp-content\/uploads\/2024\/03\/deceived-couple-disputing-about-mortgage-loan-with-2023-11-27-05-31-08-utc-scaled.jpg?resize=1536%2C972&amp;ssl=1 1536w, https:\/\/i0.wp.com\/lsaletrado.com\/wp-content\/uploads\/2024\/03\/deceived-couple-disputing-about-mortgage-loan-with-2023-11-27-05-31-08-utc-scaled.jpg?resize=2048%2C1296&amp;ssl=1 2048w, https:\/\/i0.wp.com\/lsaletrado.com\/wp-content\/uploads\/2024\/03\/deceived-couple-disputing-about-mortgage-loan-with-2023-11-27-05-31-08-utc-scaled.jpg?w=2400&amp;ssl=1 2400w\" sizes=\"(max-width: 1200px) 100vw, 1200px\" \/>\t\t\t\t\t\t\t\t\t\t\t\t\t\t\t<\/div>\n\t\t\t\t<\/div>\n\t\t\t\t\t<\/div>\n\t\t<\/div>\n\t\t\t\t<div class=\"elementor-column elementor-col-50 elementor-top-column elementor-element elementor-element-75a42b55\" data-id=\"75a42b55\" data-element_type=\"column\">\n\t\t\t<div class=\"elementor-widget-wrap elementor-element-populated\">\n\t\t\t\t\t\t<div class=\"elementor-element elementor-element-6f6185c elementor-widget elementor-widget-text-editor\" data-id=\"6f6185c\" data-element_type=\"widget\" data-widget_type=\"text-editor.default\">\n\t\t\t\t<div class=\"elementor-widget-container\">\n\t\t\t\t\t\t\t\t\t<p>Herederos que se niegan a adjudicarse la herencia en perjuicio de otros. El caso que os cuento es el de cuatro herederos. Una propiedad que constitu\u00eda la vivienda de sus padres. Al fallecer estos, dos herederos se negaban a acudir a la notar\u00eda para hacer la adjudicaci\u00f3n de herencia, pues el hijo de uno de ellos resid\u00eda en finca objeto de adjudicaci\u00f3n.<\/p>\n<p>En base a ello, desarroll\u00e9 una estrategia legal espec\u00edfica y, despu\u00e9s de un proceso largo y complejo, logramos adjudicar la herencia de manera justa, conseguimos que el familiar abandonara la vivienda y posteriormente se vendi\u00f3 la misma.<\/p>\t\t\t\t\t\t\t\t<\/div>\n\t\t\t\t<\/div>\n\t\t\t\t\t<\/div>\n\t\t<\/div>\n\t\t\t\t\t<\/div>\n\t\t<\/section>\n\t\t\t\t<section class=\"elementor-section elementor-top-section elementor-element elementor-element-57424c6c elementor-section-boxed elementor-section-height-default elementor-section-height-default\" data-id=\"57424c6c\" data-element_type=\"section\">\n\t\t\t\t\t\t<div class=\"elementor-container elementor-column-gap-default\">\n\t\t\t\t\t<div class=\"elementor-column elementor-col-100 elementor-top-column elementor-element elementor-element-10c86423\" data-id=\"10c86423\" data-element_type=\"column\">\n\t\t\t<div class=\"elementor-widget-wrap elementor-element-populated\">\n\t\t\t\t\t\t<div class=\"elementor-element elementor-element-7f5acb6 elementor-widget elementor-widget-text-editor\" data-id=\"7f5acb6\" data-element_type=\"widget\" data-widget_type=\"text-editor.default\">\n\t\t\t\t<div class=\"elementor-widget-container\">\n\t\t\t\t\t\t\t\t\t<p>Ya sea que est\u00e9s lidiando con una herencia, necesites asesoramiento sobre testamentos o ayuda con el derecho de sucesiones, puedo proporcionarte el asesoramiento y la representaci\u00f3n que necesitas.<\/p>\t\t\t\t\t\t\t\t<\/div>\n\t\t\t\t<\/div>\n\t\t\t\t<div class=\"elementor-element elementor-element-42fc2ac4 elementor-widget elementor-widget-image\" data-id=\"42fc2ac4\" data-element_type=\"widget\" data-widget_type=\"image.default\">\n\t\t\t\t<div class=\"elementor-widget-container\">\n\t\t\t\t\t\t\t\t\t\t\t\t\t\t\t<img decoding=\"async\" width=\"2251\" height=\"210\" src=\"https:\/\/i0.wp.com\/lsaletrado.com\/wp-content\/uploads\/2024\/02\/banner-kit-digital.png?fit=2251%2C210&amp;ssl=1\" class=\"attachment-full size-full wp-image-9362\" alt=\"\" srcset=\"https:\/\/i0.wp.com\/lsaletrado.com\/wp-content\/uploads\/2024\/02\/banner-kit-digital.png?w=2251&amp;ssl=1 2251w, https:\/\/i0.wp.com\/lsaletrado.com\/wp-content\/uploads\/2024\/02\/banner-kit-digital.png?resize=300%2C28&amp;ssl=1 300w, https:\/\/i0.wp.com\/lsaletrado.com\/wp-content\/uploads\/2024\/02\/banner-kit-digital.png?resize=1024%2C96&amp;ssl=1 1024w, https:\/\/i0.wp.com\/lsaletrado.com\/wp-content\/uploads\/2024\/02\/banner-kit-digital.png?resize=768%2C72&amp;ssl=1 768w, https:\/\/i0.wp.com\/lsaletrado.com\/wp-content\/uploads\/2024\/02\/banner-kit-digital.png?resize=1536%2C143&amp;ssl=1 1536w, https:\/\/i0.wp.com\/lsaletrado.com\/wp-content\/uploads\/2024\/02\/banner-kit-digital.png?resize=2048%2C191&amp;ssl=1 2048w\" sizes=\"(max-width: 1200px) 100vw, 1200px\" \/>\t\t\t\t\t\t\t\t\t\t\t\t\t\t\t<\/div>\n\t\t\t\t<\/div>\n\t\t\t\t\t<\/div>\n\t\t<\/div>\n\t\t\t\t\t<\/div>\n\t\t<\/section>\n\t\t\t\t<\/div>\n\t\t","protected":false},"excerpt":{"rendered":"<p>El derecho sucesorio es el marco legal en el que se basan las herencias y los testamentos. Garantizar que el deseo del causante se cumpla es una tarea que puede llevar a desacuerdos entre los herederos. Abordar estos asuntos requiere del consejo experto del abogado, sin olvidar las dotes de mediaci\u00f3n entre los herederos, a&#8230;<\/p>\n","protected":false},"author":1,"featured_media":0,"parent":3808,"menu_order":0,"comment_status":"closed","ping_status":"closed","template":"templates\/blank.php","meta":{"footnotes":""},"class_list":["post-9132","page","type-page","status-publish","hentry"],"yoast_head":"<!-- This site is optimized with the Yoast SEO plugin v26.0 - https:\/\/yoast.com\/wordpress\/plugins\/seo\/ -->\n<title>Derecho Sucesorio - LSA Letrado<\/title>\n<meta name=\"robots\" content=\"index, follow, max-snippet:-1, max-image-preview:large, max-video-preview:-1\" \/>\n<link rel=\"canonical\" href=\"https:\/\/lsaletrado.com\/?page_id=9132\" \/>\n<meta property=\"og:locale\" content=\"es_ES\" \/>\n<meta property=\"og:type\" content=\"article\" \/>\n<meta property=\"og:title\" content=\"Derecho Sucesorio - LSA Letrado\" \/>\n<meta property=\"og:description\" content=\"El derecho sucesorio es el marco legal en el que se basan las herencias y los testamentos. Garantizar que el deseo del causante se cumpla es una tarea que puede llevar a desacuerdos entre los herederos. Abordar estos asuntos requiere del consejo experto del abogado, sin olvidar las dotes de mediaci\u00f3n entre los herederos, a...\" \/>\n<meta property=\"og:url\" content=\"https:\/\/lsaletrado.com\/?page_id=9132\" \/>\n<meta property=\"og:site_name\" content=\"LSA Letrado\" \/>\n<meta property=\"article:modified_time\" content=\"2024-03-31T11:16:31+00:00\" \/>\n<meta property=\"og:image\" content=\"https:\/\/lsaletrado.com\/wp-content\/uploads\/2024\/03\/deceived-couple-disputing-about-mortgage-loan-with-2023-11-27-05-31-08-utc-scaled.jpg\" \/>\n<meta name=\"twitter:card\" content=\"summary_large_image\" \/>\n<meta name=\"twitter:label1\" content=\"Tiempo de lectura\" \/>\n\t<meta name=\"twitter:data1\" content=\"3 minutos\" \/>\n<script type=\"application\/ld+json\" class=\"yoast-schema-graph\">{\"@context\":\"https:\/\/schema.org\",\"@graph\":[{\"@type\":\"WebPage\",\"@id\":\"https:\/\/lsaletrado.com\/?page_id=9132\",\"url\":\"https:\/\/lsaletrado.com\/?page_id=9132\",\"name\":\"Derecho Sucesorio - LSA Letrado\",\"isPartOf\":{\"@id\":\"https:\/\/lsaletrado.com\/#website\"},\"primaryImageOfPage\":{\"@id\":\"https:\/\/lsaletrado.com\/?page_id=9132#primaryimage\"},\"image\":{\"@id\":\"https:\/\/lsaletrado.com\/?page_id=9132#primaryimage\"},\"thumbnailUrl\":\"https:\/\/lsaletrado.com\/wp-content\/uploads\/2024\/03\/deceived-couple-disputing-about-mortgage-loan-with-2023-11-27-05-31-08-utc-scaled.jpg\",\"datePublished\":\"2024-02-04T22:16:44+00:00\",\"dateModified\":\"2024-03-31T11:16:31+00:00\",\"breadcrumb\":{\"@id\":\"https:\/\/lsaletrado.com\/?page_id=9132#breadcrumb\"},\"inLanguage\":\"es\",\"potentialAction\":[{\"@type\":\"ReadAction\",\"target\":[\"https:\/\/lsaletrado.com\/?page_id=9132\"]}]},{\"@type\":\"ImageObject\",\"inLanguage\":\"es\",\"@id\":\"https:\/\/lsaletrado.com\/?page_id=9132#primaryimage\",\"url\":\"https:\/\/i0.wp.com\/lsaletrado.com\/wp-content\/uploads\/2024\/03\/deceived-couple-disputing-about-mortgage-loan-with-2023-11-27-05-31-08-utc-scaled.jpg?fit=2560%2C1620&ssl=1\",\"contentUrl\":\"https:\/\/i0.wp.com\/lsaletrado.com\/wp-content\/uploads\/2024\/03\/deceived-couple-disputing-about-mortgage-loan-with-2023-11-27-05-31-08-utc-scaled.jpg?fit=2560%2C1620&ssl=1\",\"width\":2560,\"height\":1620,\"caption\":\"Deceived couple disputing about mortgage loan or real estate problem with realtor, rejecting signing contract\"},{\"@type\":\"BreadcrumbList\",\"@id\":\"https:\/\/lsaletrado.com\/?page_id=9132#breadcrumb\",\"itemListElement\":[{\"@type\":\"ListItem\",\"position\":1,\"name\":\"Portada\",\"item\":\"https:\/\/lsaletrado.com\/\"},{\"@type\":\"ListItem\",\"position\":2,\"name\":\"Home\",\"item\":\"https:\/\/lsaletrado.com\/\"},{\"@type\":\"ListItem\",\"position\":3,\"name\":\"Pr\u00e1cticas\",\"item\":\"https:\/\/lsaletrado.com\/?page_id=3808\"},{\"@type\":\"ListItem\",\"position\":4,\"name\":\"Derecho Sucesorio\"}]},{\"@type\":\"WebSite\",\"@id\":\"https:\/\/lsaletrado.com\/#website\",\"url\":\"https:\/\/lsaletrado.com\/\",\"name\":\"LSA Letrado\",\"description\":\"\",\"publisher\":{\"@id\":\"https:\/\/lsaletrado.com\/#organization\"},\"potentialAction\":[{\"@type\":\"SearchAction\",\"target\":{\"@type\":\"EntryPoint\",\"urlTemplate\":\"https:\/\/lsaletrado.com\/?s={search_term_string}\"},\"query-input\":{\"@type\":\"PropertyValueSpecification\",\"valueRequired\":true,\"valueName\":\"search_term_string\"}}],\"inLanguage\":\"es\"},{\"@type\":\"Organization\",\"@id\":\"https:\/\/lsaletrado.com\/#organization\",\"name\":\"LSA Letrado\",\"url\":\"https:\/\/lsaletrado.com\/\",\"logo\":{\"@type\":\"ImageObject\",\"inLanguage\":\"es\",\"@id\":\"https:\/\/lsaletrado.com\/#\/schema\/logo\/image\/\",\"url\":\"https:\/\/lsaletrado.com\/wp-content\/uploads\/2024\/02\/Imagotipo-LSA-LETRADO-2-1.png\",\"contentUrl\":\"https:\/\/lsaletrado.com\/wp-content\/uploads\/2024\/02\/Imagotipo-LSA-LETRADO-2-1.png\",\"width\":2560,\"height\":816,\"caption\":\"LSA Letrado\"},\"image\":{\"@id\":\"https:\/\/lsaletrado.com\/#\/schema\/logo\/image\/\"}}]}<\/script>\n<!-- \/ Yoast SEO plugin. -->","yoast_head_json":{"title":"Derecho Sucesorio - LSA Letrado","robots":{"index":"index","follow":"follow","max-snippet":"max-snippet:-1","max-image-preview":"max-image-preview:large","max-video-preview":"max-video-preview:-1"},"canonical":"https:\/\/lsaletrado.com\/?page_id=9132","og_locale":"es_ES","og_type":"article","og_title":"Derecho Sucesorio - LSA Letrado","og_description":"El derecho sucesorio es el marco legal en el que se basan las herencias y los testamentos. Garantizar que el deseo del causante se cumpla es una tarea que puede llevar a desacuerdos entre los herederos. Abordar estos asuntos requiere del consejo experto del abogado, sin olvidar las dotes de mediaci\u00f3n entre los herederos, a...","og_url":"https:\/\/lsaletrado.com\/?page_id=9132","og_site_name":"LSA Letrado","article_modified_time":"2024-03-31T11:16:31+00:00","og_image":[{"url":"https:\/\/lsaletrado.com\/wp-content\/uploads\/2024\/03\/deceived-couple-disputing-about-mortgage-loan-with-2023-11-27-05-31-08-utc-scaled.jpg","type":"","width":"","height":""}],"twitter_card":"summary_large_image","twitter_misc":{"Tiempo de lectura":"3 minutos"},"schema":{"@context":"https:\/\/schema.org","@graph":[{"@type":"WebPage","@id":"https:\/\/lsaletrado.com\/?page_id=9132","url":"https:\/\/lsaletrado.com\/?page_id=9132","name":"Derecho Sucesorio - LSA Letrado","isPartOf":{"@id":"https:\/\/lsaletrado.com\/#website"},"primaryImageOfPage":{"@id":"https:\/\/lsaletrado.com\/?page_id=9132#primaryimage"},"image":{"@id":"https:\/\/lsaletrado.com\/?page_id=9132#primaryimage"},"thumbnailUrl":"https:\/\/lsaletrado.com\/wp-content\/uploads\/2024\/03\/deceived-couple-disputing-about-mortgage-loan-with-2023-11-27-05-31-08-utc-scaled.jpg","datePublished":"2024-02-04T22:16:44+00:00","dateModified":"2024-03-31T11:16:31+00:00","breadcrumb":{"@id":"https:\/\/lsaletrado.com\/?page_id=9132#breadcrumb"},"inLanguage":"es","potentialAction":[{"@type":"ReadAction","target":["https:\/\/lsaletrado.com\/?page_id=9132"]}]},{"@type":"ImageObject","inLanguage":"es","@id":"https:\/\/lsaletrado.com\/?page_id=9132#primaryimage","url":"https:\/\/i0.wp.com\/lsaletrado.com\/wp-content\/uploads\/2024\/03\/deceived-couple-disputing-about-mortgage-loan-with-2023-11-27-05-31-08-utc-scaled.jpg?fit=2560%2C1620&ssl=1","contentUrl":"https:\/\/i0.wp.com\/lsaletrado.com\/wp-content\/uploads\/2024\/03\/deceived-couple-disputing-about-mortgage-loan-with-2023-11-27-05-31-08-utc-scaled.jpg?fit=2560%2C1620&ssl=1","width":2560,"height":1620,"caption":"Deceived couple disputing about mortgage loan or real estate problem with realtor, rejecting signing contract"},{"@type":"BreadcrumbList","@id":"https:\/\/lsaletrado.com\/?page_id=9132#breadcrumb","itemListElement":[{"@type":"ListItem","position":1,"name":"Portada","item":"https:\/\/lsaletrado.com\/"},{"@type":"ListItem","position":2,"name":"Home","item":"https:\/\/lsaletrado.com\/"},{"@type":"ListItem","position":3,"name":"Pr\u00e1cticas","item":"https:\/\/lsaletrado.com\/?page_id=3808"},{"@type":"ListItem","position":4,"name":"Derecho Sucesorio"}]},{"@type":"WebSite","@id":"https:\/\/lsaletrado.com\/#website","url":"https:\/\/lsaletrado.com\/","name":"LSA Letrado","description":"","publisher":{"@id":"https:\/\/lsaletrado.com\/#organization"},"potentialAction":[{"@type":"SearchAction","target":{"@type":"EntryPoint","urlTemplate":"https:\/\/lsaletrado.com\/?s={search_term_string}"},"query-input":{"@type":"PropertyValueSpecification","valueRequired":true,"valueName":"search_term_string"}}],"inLanguage":"es"},{"@type":"Organization","@id":"https:\/\/lsaletrado.com\/#organization","name":"LSA Letrado","url":"https:\/\/lsaletrado.com\/","logo":{"@type":"ImageObject","inLanguage":"es","@id":"https:\/\/lsaletrado.com\/#\/schema\/logo\/image\/","url":"https:\/\/lsaletrado.com\/wp-content\/uploads\/2024\/02\/Imagotipo-LSA-LETRADO-2-1.png","contentUrl":"https:\/\/lsaletrado.com\/wp-content\/uploads\/2024\/02\/Imagotipo-LSA-LETRADO-2-1.png","width":2560,"height":816,"caption":"LSA Letrado"},"image":{"@id":"https:\/\/lsaletrado.com\/#\/schema\/logo\/image\/"}}]}},"jetpack_sharing_enabled":true,"_links":{"self":[{"href":"https:\/\/lsaletrado.com\/index.php?rest_route=\/wp\/v2\/pages\/9132","targetHints":{"allow":["GET"]}}],"collection":[{"href":"https:\/\/lsaletrado.com\/index.php?rest_route=\/wp\/v2\/pages"}],"about":[{"href":"https:\/\/lsaletrado.com\/index.php?rest_route=\/wp\/v2\/types\/page"}],"author":[{"embeddable":true,"href":"https:\/\/lsaletrado.com\/index.php?rest_route=\/wp\/v2\/users\/1"}],"replies":[{"embeddable":true,"href":"https:\/\/lsaletrado.com\/index.php?rest_route=%2Fwp%2Fv2%2Fcomments&post=9132"}],"version-history":[{"count":24,"href":"https:\/\/lsaletrado.com\/index.php?rest_route=\/wp\/v2\/pages\/9132\/revisions"}],"predecessor-version":[{"id":9796,"href":"https:\/\/lsaletrado.com\/index.php?rest_route=\/wp\/v2\/pages\/9132\/revisions\/9796"}],"up":[{"embeddable":true,"href":"https:\/\/lsaletrado.com\/index.php?rest_route=\/wp\/v2\/pages\/3808"}],"wp:attachment":[{"href":"https:\/\/lsaletrado.com\/index.php?rest_route=%2Fwp%2Fv2%2Fmedia&parent=9132"}],"curies":[{"name":"wp","href":"https:\/\/api.w.org\/{rel}","templated":true}]}}