{"id":1087,"date":"2020-12-08T05:46:46","date_gmt":"2020-12-08T05:46:46","guid":{"rendered":"https:\/\/lsaletrado.com\/?page_id=1087"},"modified":"2024-02-28T17:15:11","modified_gmt":"2024-02-28T16:15:11","slug":"gestoria","status":"publish","type":"page","link":"https:\/\/lsaletrado.com\/?page_id=1087","title":{"rendered":"Gestor\u00eda"},"content":{"rendered":"\t\t<div data-elementor-type=\"wp-page\" data-elementor-id=\"1087\" class=\"elementor elementor-1087\">\n\t\t\t\t\t\t<section class=\"elementor-section elementor-top-section elementor-element elementor-element-ad31f81 elementor-section-boxed elementor-section-height-default elementor-section-height-default\" data-id=\"ad31f81\" data-element_type=\"section\" data-settings=\"{&quot;background_background&quot;:&quot;classic&quot;}\">\n\t\t\t\t\t\t<div class=\"elementor-container elementor-column-gap-default\">\n\t\t\t\t\t<div class=\"elementor-column elementor-col-100 elementor-top-column elementor-element elementor-element-cda29b2\" data-id=\"cda29b2\" data-element_type=\"column\">\n\t\t\t<div class=\"elementor-widget-wrap elementor-element-populated\">\n\t\t\t\t\t\t<div class=\"elementor-element elementor-element-7c44b20 elementor-widget elementor-widget-heading\" data-id=\"7c44b20\" data-element_type=\"widget\" data-widget_type=\"heading.default\">\n\t\t\t\t<div class=\"elementor-widget-container\">\n\t\t\t\t\t<h2 class=\"elementor-heading-title elementor-size-default\">Servicios de Gestor\u00eda Integrales<\/h2>\t\t\t\t<\/div>\n\t\t\t\t<\/div>\n\t\t\t\t\t<\/div>\n\t\t<\/div>\n\t\t\t\t\t<\/div>\n\t\t<\/section>\n\t\t\t\t<section class=\"elementor-section elementor-inner-section elementor-element elementor-element-43252f3f elementor-section-boxed elementor-section-height-default elementor-section-height-default\" data-id=\"43252f3f\" data-element_type=\"section\">\n\t\t\t\t\t\t<div class=\"elementor-container elementor-column-gap-default\">\n\t\t\t\t\t<div class=\"elementor-column elementor-col-50 elementor-inner-column elementor-element elementor-element-46f96f63\" data-id=\"46f96f63\" data-element_type=\"column\">\n\t\t\t<div class=\"elementor-widget-wrap elementor-element-populated\">\n\t\t\t\t\t\t<div class=\"elementor-element elementor-element-430cca52 elementor-widget elementor-widget-image\" data-id=\"430cca52\" data-element_type=\"widget\" data-widget_type=\"image.default\">\n\t\t\t\t<div class=\"elementor-widget-container\">\n\t\t\t\t\t\t\t\t\t\t\t\t\t\t\t\t<a href=\"https:\/\/lsaletrado.com\/?page_id=9168\">\n\t\t\t\t\t\t\t<img fetchpriority=\"high\" decoding=\"async\" width=\"870\" height=\"450\" src=\"https:\/\/i0.wp.com\/lsaletrado.com\/wp-content\/uploads\/2020\/12\/practice2-1.jpg?fit=870%2C450&amp;ssl=1\" class=\"attachment-large size-large wp-image-8543\" alt=\"\" \/>\t\t\t\t\t\t\t\t<\/a>\n\t\t\t\t\t\t\t\t\t\t\t\t\t\t\t<\/div>\n\t\t\t\t<\/div>\n\t\t\t\t<div class=\"elementor-element elementor-element-54d5ca65 elementor-widget elementor-widget-heading\" data-id=\"54d5ca65\" data-element_type=\"widget\" data-widget_type=\"heading.default\">\n\t\t\t\t<div class=\"elementor-widget-container\">\n\t\t\t\t\t<h3 class=\"elementor-heading-title elementor-size-default\"><a href=\"https:\/\/lsaletrado.com\/?page_id=9168\">Asesor\u00eda de Aut\u00f3nomos<\/a><\/h3>\t\t\t\t<\/div>\n\t\t\t\t<\/div>\n\t\t\t\t<div class=\"elementor-element elementor-element-47fc8c7b elementor-widget elementor-widget-text-editor\" data-id=\"47fc8c7b\" data-element_type=\"widget\" data-widget_type=\"text-editor.default\">\n\t\t\t\t<div class=\"elementor-widget-container\">\n\t\t\t\t\t\t\t\t\t<p>No importa si trabajas solo, si tienes gente contratada, si emites 10, 100 o 1.000 facturas, LSA Letrado est\u00e1 a tu lado para guiarte, aconsejarte y descargarte de toda la gesti\u00f3n fiscal de tu d\u00eda a d\u00eda.<\/p>\t\t\t\t\t\t\t\t<\/div>\n\t\t\t\t<\/div>\n\t\t\t\t<div class=\"elementor-element elementor-element-601905ee elementor-widget elementor-widget-text-editor\" data-id=\"601905ee\" data-element_type=\"widget\" data-widget_type=\"text-editor.default\">\n\t\t\t\t<div class=\"elementor-widget-container\">\n\t\t\t\t\t\t\t\t\t<p><a href=\"https:\/\/lsaletrado.com\/?page_id=9168\" data-wplink-url-error=\"true\">saber m\u00e1s.<\/a><\/p>\t\t\t\t\t\t\t\t<\/div>\n\t\t\t\t<\/div>\n\t\t\t\t\t<\/div>\n\t\t<\/div>\n\t\t\t\t<div class=\"elementor-column elementor-col-50 elementor-inner-column elementor-element elementor-element-1d8ee7e8\" data-id=\"1d8ee7e8\" data-element_type=\"column\">\n\t\t\t<div class=\"elementor-widget-wrap elementor-element-populated\">\n\t\t\t\t\t\t<div class=\"elementor-element elementor-element-6574eb4a elementor-widget elementor-widget-image\" data-id=\"6574eb4a\" data-element_type=\"widget\" data-widget_type=\"image.default\">\n\t\t\t\t<div class=\"elementor-widget-container\">\n\t\t\t\t\t\t\t\t\t\t\t\t\t\t\t\t<a href=\"https:\/\/lsaletrado.com\/?page_id=9201\">\n\t\t\t\t\t\t\t<img decoding=\"async\" width=\"870\" height=\"450\" src=\"https:\/\/i0.wp.com\/lsaletrado.com\/wp-content\/uploads\/2020\/12\/practice4-1.jpg?fit=870%2C450&amp;ssl=1\" class=\"attachment-large size-large wp-image-8545\" alt=\"\" srcset=\"https:\/\/i0.wp.com\/lsaletrado.com\/wp-content\/uploads\/2020\/12\/practice4-1.jpg?w=870&amp;ssl=1 870w, https:\/\/i0.wp.com\/lsaletrado.com\/wp-content\/uploads\/2020\/12\/practice4-1.jpg?resize=300%2C155&amp;ssl=1 300w, https:\/\/i0.wp.com\/lsaletrado.com\/wp-content\/uploads\/2020\/12\/practice4-1.jpg?resize=768%2C397&amp;ssl=1 768w\" sizes=\"(max-width: 870px) 100vw, 870px\" \/>\t\t\t\t\t\t\t\t<\/a>\n\t\t\t\t\t\t\t\t\t\t\t\t\t\t\t<\/div>\n\t\t\t\t<\/div>\n\t\t\t\t<div class=\"elementor-element elementor-element-3314b011 elementor-widget elementor-widget-heading\" data-id=\"3314b011\" data-element_type=\"widget\" data-widget_type=\"heading.default\">\n\t\t\t\t<div class=\"elementor-widget-container\">\n\t\t\t\t\t<h3 class=\"elementor-heading-title elementor-size-default\"><a href=\"https:\/\/lsaletrado.com\/?page_id=9201\">Declaraci\u00f3n de la Renta<\/a><\/h3>\t\t\t\t<\/div>\n\t\t\t\t<\/div>\n\t\t\t\t<div class=\"elementor-element elementor-element-55c24e9d elementor-widget elementor-widget-text-editor\" data-id=\"55c24e9d\" data-element_type=\"widget\" data-widget_type=\"text-editor.default\">\n\t\t\t\t<div class=\"elementor-widget-container\">\n\t\t\t\t\t\t\t\t\t<p>Da igual si es una declaraci\u00f3n individual, si es conjunta con tu pareja y tienes hijos o personas a tu cargo. La declaraci\u00f3n de la renta en Sevilla, o en cualquier parte, nunca ha sido tan f\u00e1cil y econ\u00f3mica.<br><\/p>\t\t\t\t\t\t\t\t<\/div>\n\t\t\t\t<\/div>\n\t\t\t\t<div class=\"elementor-element elementor-element-ca60a11 elementor-widget elementor-widget-text-editor\" data-id=\"ca60a11\" data-element_type=\"widget\" data-widget_type=\"text-editor.default\">\n\t\t\t\t<div class=\"elementor-widget-container\">\n\t\t\t\t\t\t\t\t\t<p><a href=\"https:\/\/lsaletrado.com\/?page_id=9201\" data-wplink-url-error=\"true\">saber m\u00e1s.<\/a><\/p>\t\t\t\t\t\t\t\t<\/div>\n\t\t\t\t<\/div>\n\t\t\t\t\t<\/div>\n\t\t<\/div>\n\t\t\t\t\t<\/div>\n\t\t<\/section>\n\t\t\t\t<section class=\"elementor-section elementor-top-section elementor-element elementor-element-f31e590 elementor-section-boxed elementor-section-height-default elementor-section-height-default\" data-id=\"f31e590\" data-element_type=\"section\">\n\t\t\t\t\t\t<div class=\"elementor-container elementor-column-gap-default\">\n\t\t\t\t\t<div class=\"elementor-column elementor-col-100 elementor-top-column elementor-element elementor-element-c0e29b9\" data-id=\"c0e29b9\" data-element_type=\"column\">\n\t\t\t<div class=\"elementor-widget-wrap elementor-element-populated\">\n\t\t\t\t\t\t<div class=\"elementor-element elementor-element-6bbfd47 elementor-widget-divider--view-line elementor-widget elementor-widget-divider\" data-id=\"6bbfd47\" data-element_type=\"widget\" data-widget_type=\"divider.default\">\n\t\t\t\t<div class=\"elementor-widget-container\">\n\t\t\t\t\t\t\t<div class=\"elementor-divider\">\n\t\t\t<span class=\"elementor-divider-separator\">\n\t\t\t\t\t\t<\/span>\n\t\t<\/div>\n\t\t\t\t\t\t<\/div>\n\t\t\t\t<\/div>\n\t\t\t\t\t<\/div>\n\t\t<\/div>\n\t\t\t\t\t<\/div>\n\t\t<\/section>\n\t\t\t\t<section class=\"elementor-section elementor-top-section elementor-element elementor-element-642aa9a0 elementor-section-full_width elementor-section-height-default elementor-section-height-default\" data-id=\"642aa9a0\" data-element_type=\"section\" data-settings=\"{&quot;background_background&quot;:&quot;classic&quot;}\">\n\t\t\t\t\t\t<div class=\"elementor-container elementor-column-gap-no\">\n\t\t\t\t\t<div class=\"elementor-column elementor-col-100 elementor-top-column elementor-element elementor-element-375a2eea\" data-id=\"375a2eea\" data-element_type=\"column\">\n\t\t\t<div class=\"elementor-widget-wrap elementor-element-populated\">\n\t\t\t\t\t\t<div class=\"elementor-element elementor-element-44d6906e elementor-widget elementor-widget-rt-cta\" data-id=\"44d6906e\" data-element_type=\"widget\" data-widget_type=\"rt-cta.default\">\n\t\t\t\t<div class=\"elementor-widget-container\">\n\t\t\t\t\t\n<section class=\"call-to-action-wrap-layout3 parallaxie\">\n    <div class=\"call-to-action-box-layout3\">\n                <h2 class=\"item-title\"><span>Realiza Una Consulta Gratuita<\/span><\/h2>\n                <h3 class=\"sub-title\"> <span><a href=\"tel:678523914\">Tel:678523914<\/a><\/span><\/h3>\n                <ul class=\"list-info\">\n            <li>contacto@lsaletrado.com<\/li>\n            <li>Lunes - Viernes 09:00 - 19:00<\/li>\n        <\/ul>\n            <\/div>\n<\/section>\t\t\t\t<\/div>\n\t\t\t\t<\/div>\n\t\t\t\t\t<\/div>\n\t\t<\/div>\n\t\t\t\t\t<\/div>\n\t\t<\/section>\n\t\t\t\t<section class=\"elementor-section elementor-top-section elementor-element elementor-element-a58f0b0 elementor-section-boxed elementor-section-height-default elementor-section-height-default\" data-id=\"a58f0b0\" data-element_type=\"section\">\n\t\t\t\t\t\t<div class=\"elementor-container elementor-column-gap-default\">\n\t\t\t\t\t<div class=\"elementor-column elementor-col-100 elementor-top-column elementor-element elementor-element-c901345\" data-id=\"c901345\" data-element_type=\"column\">\n\t\t\t<div class=\"elementor-widget-wrap elementor-element-populated\">\n\t\t\t\t\t\t<div class=\"elementor-element elementor-element-4104027 elementor-widget elementor-widget-rt-section-heading\" data-id=\"4104027\" data-element_type=\"widget\" data-widget_type=\"rt-section-heading.default\">\n\t\t\t\t<div class=\"elementor-widget-container\">\n\t\t\t\t\t\n<div class=\"section-heading2\">\n\t\t<h2 class=\"heading-main-title\">Nuestros Clientes Hablan Por Nosotros\n<\/h2>\n\t<\/div>\t\t\t\t<\/div>\n\t\t\t\t<\/div>\n\t\t\t\t\t<\/div>\n\t\t<\/div>\n\t\t\t\t\t<\/div>\n\t\t<\/section>\n\t\t\t\t<section class=\"elementor-section elementor-top-section elementor-element elementor-element-9a30496 elementor-section-boxed elementor-section-height-default elementor-section-height-default\" data-id=\"9a30496\" data-element_type=\"section\">\n\t\t\t\t\t\t<div class=\"elementor-container elementor-column-gap-default\">\n\t\t\t\t\t<div class=\"elementor-column elementor-col-100 elementor-top-column elementor-element elementor-element-1311509\" data-id=\"1311509\" data-element_type=\"column\">\n\t\t\t<div class=\"elementor-widget-wrap elementor-element-populated\">\n\t\t\t\t\t\t<div class=\"elementor-element elementor-element-1bed952 elementor-widget elementor-widget-wp-logo-showcase\" data-id=\"1bed952\" data-element_type=\"widget\" data-widget_type=\"wp-logo-showcase.default\">\n\t\t\t\t<div class=\"elementor-widget-container\">\n\t\t\t\t\t<style type='text\/css'><\/style><div class=\"rt-container-fluid rt-wpls\" id=\"rt-container-4162255593\" data-sc-id=\"9476\"><div class=\"rt-row carousel-layout wpls-carousel\" data-slick='{ \"slidesToShow\": 3, \"slidesToScroll\": 3, \"speed\": 2000, \"dots\": false, \"arrows\": false, \"infinite\": true, \"pauseOnHover\": false, \"autoplay\": true, \"rtl\": false }' ><div class='rt-col-md-3 rt-col-sm-6 rt-col-xs-12'><div><div class='single-logo-container'><img decoding=\"async\" width=\"150\" height=\"150\" src=\"https:\/\/i0.wp.com\/lsaletrado.com\/wp-content\/uploads\/2024\/03\/Fhyn-Caser.png?fit=150%2C150&amp;ssl=1\" class=\"wls-logo\" alt=\"\" title=\"Fhyn Caser\" \/><\/div><\/div><\/div><div class='rt-col-md-3 rt-col-sm-6 rt-col-xs-12'><div><div class='single-logo-container'><img loading=\"lazy\" decoding=\"async\" width=\"300\" height=\"300\" src=\"https:\/\/i0.wp.com\/lsaletrado.com\/wp-content\/uploads\/2024\/02\/Realesleandro.png?fit=300%2C300&amp;ssl=1\" class=\"wls-logo\" alt=\"\" title=\"Reales Social Events\" \/><\/div><\/div><\/div><div class='rt-col-md-3 rt-col-sm-6 rt-col-xs-12'><div><div class='single-logo-container'><a href='https:\/\/www.adraelminerals.com' target=\"_blank\"><img loading=\"lazy\" decoding=\"async\" width=\"300\" height=\"300\" src=\"https:\/\/i0.wp.com\/lsaletrado.com\/wp-content\/uploads\/2024\/02\/Adraelleandro.png?fit=300%2C300&amp;ssl=1\" class=\"wls-logo\" alt=\"\" title=\"Adrael\" \/><\/a><\/div><\/div><\/div><\/div><\/div>\t\t\t\t<\/div>\n\t\t\t\t<\/div>\n\t\t\t\t\t<\/div>\n\t\t<\/div>\n\t\t\t\t\t<\/div>\n\t\t<\/section>\n\t\t\t\t<section class=\"elementor-section elementor-top-section elementor-element elementor-element-44dff656 elementor-section-boxed elementor-section-height-default elementor-section-height-default\" data-id=\"44dff656\" data-element_type=\"section\">\n\t\t\t\t\t\t<div class=\"elementor-container elementor-column-gap-default\">\n\t\t\t\t\t<div class=\"elementor-column elementor-col-100 elementor-top-column elementor-element elementor-element-5569b627\" data-id=\"5569b627\" data-element_type=\"column\">\n\t\t\t<div class=\"elementor-widget-wrap elementor-element-populated\">\n\t\t\t\t\t\t<div class=\"elementor-element elementor-element-56d8f987 elementor-widget elementor-widget-image\" data-id=\"56d8f987\" data-element_type=\"widget\" data-widget_type=\"image.default\">\n\t\t\t\t<div class=\"elementor-widget-container\">\n\t\t\t\t\t\t\t\t\t\t\t\t\t\t\t<img loading=\"lazy\" decoding=\"async\" width=\"2251\" height=\"210\" src=\"https:\/\/i0.wp.com\/lsaletrado.com\/wp-content\/uploads\/2024\/02\/banner-kit-digital.png?fit=2251%2C210&amp;ssl=1\" class=\"attachment-full size-full wp-image-9362\" alt=\"\" srcset=\"https:\/\/i0.wp.com\/lsaletrado.com\/wp-content\/uploads\/2024\/02\/banner-kit-digital.png?w=2251&amp;ssl=1 2251w, https:\/\/i0.wp.com\/lsaletrado.com\/wp-content\/uploads\/2024\/02\/banner-kit-digital.png?resize=300%2C28&amp;ssl=1 300w, https:\/\/i0.wp.com\/lsaletrado.com\/wp-content\/uploads\/2024\/02\/banner-kit-digital.png?resize=1024%2C96&amp;ssl=1 1024w, https:\/\/i0.wp.com\/lsaletrado.com\/wp-content\/uploads\/2024\/02\/banner-kit-digital.png?resize=768%2C72&amp;ssl=1 768w, https:\/\/i0.wp.com\/lsaletrado.com\/wp-content\/uploads\/2024\/02\/banner-kit-digital.png?resize=1536%2C143&amp;ssl=1 1536w, https:\/\/i0.wp.com\/lsaletrado.com\/wp-content\/uploads\/2024\/02\/banner-kit-digital.png?resize=2048%2C191&amp;ssl=1 2048w\" sizes=\"(max-width: 1200px) 100vw, 1200px\" \/>\t\t\t\t\t\t\t\t\t\t\t\t\t\t\t<\/div>\n\t\t\t\t<\/div>\n\t\t\t\t\t<\/div>\n\t\t<\/div>\n\t\t\t\t\t<\/div>\n\t\t<\/section>\n\t\t\t\t<\/div>\n\t\t","protected":false},"excerpt":{"rendered":"<p>Servicios de Gestor\u00eda Integrales Asesor\u00eda de Aut\u00f3nomos No importa si trabajas solo, si tienes gente contratada, si emites 10, 100 o 1.000 facturas, LSA Letrado est\u00e1 a tu lado para guiarte, aconsejarte y descargarte de toda la gesti\u00f3n fiscal de tu d\u00eda a d\u00eda. saber m\u00e1s. Declaraci\u00f3n de la Renta Da igual si es una&#8230;<\/p>\n","protected":false},"author":1,"featured_media":0,"parent":388,"menu_order":0,"comment_status":"closed","ping_status":"closed","template":"templates\/blank.php","meta":{"footnotes":""},"class_list":["post-1087","page","type-page","status-publish","hentry","aeen-post-thumb"],"yoast_head":"<!-- This site is optimized with the Yoast SEO plugin v26.0 - https:\/\/yoast.com\/wordpress\/plugins\/seo\/ -->\n<title>Gestor\u00eda - LSA Letrado<\/title>\n<meta name=\"robots\" content=\"index, follow, max-snippet:-1, max-image-preview:large, max-video-preview:-1\" \/>\n<link rel=\"canonical\" href=\"https:\/\/lsaletrado.com\/?page_id=1087\" \/>\n<meta property=\"og:locale\" content=\"es_ES\" \/>\n<meta property=\"og:type\" content=\"article\" \/>\n<meta property=\"og:title\" content=\"Gestor\u00eda - LSA Letrado\" \/>\n<meta property=\"og:description\" content=\"Servicios de Gestor\u00eda Integrales Asesor\u00eda de Aut\u00f3nomos No importa si trabajas solo, si tienes gente contratada, si emites 10, 100 o 1.000 facturas, LSA Letrado est\u00e1 a tu lado para guiarte, aconsejarte y descargarte de toda la gesti\u00f3n fiscal de tu d\u00eda a d\u00eda. saber m\u00e1s. Declaraci\u00f3n de la Renta Da igual si es una...\" \/>\n<meta property=\"og:url\" content=\"https:\/\/lsaletrado.com\/?page_id=1087\" \/>\n<meta property=\"og:site_name\" content=\"LSA Letrado\" \/>\n<meta property=\"article:modified_time\" content=\"2024-02-28T16:15:11+00:00\" \/>\n<meta property=\"og:image\" content=\"https:\/\/lsaletrado.com\/wp-content\/uploads\/2020\/12\/practice2-1.jpg\" \/>\n<meta name=\"twitter:card\" content=\"summary_large_image\" \/>\n<meta name=\"twitter:label1\" content=\"Tiempo de lectura\" \/>\n\t<meta name=\"twitter:data1\" content=\"1 minuto\" \/>\n<script type=\"application\/ld+json\" class=\"yoast-schema-graph\">{\"@context\":\"https:\/\/schema.org\",\"@graph\":[{\"@type\":\"WebPage\",\"@id\":\"https:\/\/lsaletrado.com\/?page_id=1087\",\"url\":\"https:\/\/lsaletrado.com\/?page_id=1087\",\"name\":\"Gestor\u00eda - LSA Letrado\",\"isPartOf\":{\"@id\":\"https:\/\/lsaletrado.com\/#website\"},\"primaryImageOfPage\":{\"@id\":\"https:\/\/lsaletrado.com\/?page_id=1087#primaryimage\"},\"image\":{\"@id\":\"https:\/\/lsaletrado.com\/?page_id=1087#primaryimage\"},\"thumbnailUrl\":\"https:\/\/lsaletrado.com\/wp-content\/uploads\/2020\/12\/practice2-1.jpg\",\"datePublished\":\"2020-12-08T05:46:46+00:00\",\"dateModified\":\"2024-02-28T16:15:11+00:00\",\"breadcrumb\":{\"@id\":\"https:\/\/lsaletrado.com\/?page_id=1087#breadcrumb\"},\"inLanguage\":\"es\",\"potentialAction\":[{\"@type\":\"ReadAction\",\"target\":[\"https:\/\/lsaletrado.com\/?page_id=1087\"]}]},{\"@type\":\"ImageObject\",\"inLanguage\":\"es\",\"@id\":\"https:\/\/lsaletrado.com\/?page_id=1087#primaryimage\",\"url\":\"https:\/\/i0.wp.com\/lsaletrado.com\/wp-content\/uploads\/2020\/12\/practice2-1.jpg?fit=870%2C450&ssl=1\",\"contentUrl\":\"https:\/\/i0.wp.com\/lsaletrado.com\/wp-content\/uploads\/2020\/12\/practice2-1.jpg?fit=870%2C450&ssl=1\",\"width\":870,\"height\":450},{\"@type\":\"BreadcrumbList\",\"@id\":\"https:\/\/lsaletrado.com\/?page_id=1087#breadcrumb\",\"itemListElement\":[{\"@type\":\"ListItem\",\"position\":1,\"name\":\"Portada\",\"item\":\"https:\/\/lsaletrado.com\/\"},{\"@type\":\"ListItem\",\"position\":2,\"name\":\"Home\",\"item\":\"https:\/\/lsaletrado.com\/\"},{\"@type\":\"ListItem\",\"position\":3,\"name\":\"Gestor\u00eda\"}]},{\"@type\":\"WebSite\",\"@id\":\"https:\/\/lsaletrado.com\/#website\",\"url\":\"https:\/\/lsaletrado.com\/\",\"name\":\"LSA Letrado\",\"description\":\"\",\"publisher\":{\"@id\":\"https:\/\/lsaletrado.com\/#organization\"},\"potentialAction\":[{\"@type\":\"SearchAction\",\"target\":{\"@type\":\"EntryPoint\",\"urlTemplate\":\"https:\/\/lsaletrado.com\/?s={search_term_string}\"},\"query-input\":{\"@type\":\"PropertyValueSpecification\",\"valueRequired\":true,\"valueName\":\"search_term_string\"}}],\"inLanguage\":\"es\"},{\"@type\":\"Organization\",\"@id\":\"https:\/\/lsaletrado.com\/#organization\",\"name\":\"LSA Letrado\",\"url\":\"https:\/\/lsaletrado.com\/\",\"logo\":{\"@type\":\"ImageObject\",\"inLanguage\":\"es\",\"@id\":\"https:\/\/lsaletrado.com\/#\/schema\/logo\/image\/\",\"url\":\"https:\/\/lsaletrado.com\/wp-content\/uploads\/2024\/02\/Imagotipo-LSA-LETRADO-2-1.png\",\"contentUrl\":\"https:\/\/lsaletrado.com\/wp-content\/uploads\/2024\/02\/Imagotipo-LSA-LETRADO-2-1.png\",\"width\":2560,\"height\":816,\"caption\":\"LSA Letrado\"},\"image\":{\"@id\":\"https:\/\/lsaletrado.com\/#\/schema\/logo\/image\/\"}}]}<\/script>\n<!-- \/ Yoast SEO plugin. -->","yoast_head_json":{"title":"Gestor\u00eda - LSA Letrado","robots":{"index":"index","follow":"follow","max-snippet":"max-snippet:-1","max-image-preview":"max-image-preview:large","max-video-preview":"max-video-preview:-1"},"canonical":"https:\/\/lsaletrado.com\/?page_id=1087","og_locale":"es_ES","og_type":"article","og_title":"Gestor\u00eda - LSA Letrado","og_description":"Servicios de Gestor\u00eda Integrales Asesor\u00eda de Aut\u00f3nomos No importa si trabajas solo, si tienes gente contratada, si emites 10, 100 o 1.000 facturas, LSA Letrado est\u00e1 a tu lado para guiarte, aconsejarte y descargarte de toda la gesti\u00f3n fiscal de tu d\u00eda a d\u00eda. saber m\u00e1s. Declaraci\u00f3n de la Renta Da igual si es una...","og_url":"https:\/\/lsaletrado.com\/?page_id=1087","og_site_name":"LSA Letrado","article_modified_time":"2024-02-28T16:15:11+00:00","og_image":[{"url":"https:\/\/lsaletrado.com\/wp-content\/uploads\/2020\/12\/practice2-1.jpg","type":"","width":"","height":""}],"twitter_card":"summary_large_image","twitter_misc":{"Tiempo de lectura":"1 minuto"},"schema":{"@context":"https:\/\/schema.org","@graph":[{"@type":"WebPage","@id":"https:\/\/lsaletrado.com\/?page_id=1087","url":"https:\/\/lsaletrado.com\/?page_id=1087","name":"Gestor\u00eda - LSA Letrado","isPartOf":{"@id":"https:\/\/lsaletrado.com\/#website"},"primaryImageOfPage":{"@id":"https:\/\/lsaletrado.com\/?page_id=1087#primaryimage"},"image":{"@id":"https:\/\/lsaletrado.com\/?page_id=1087#primaryimage"},"thumbnailUrl":"https:\/\/lsaletrado.com\/wp-content\/uploads\/2020\/12\/practice2-1.jpg","datePublished":"2020-12-08T05:46:46+00:00","dateModified":"2024-02-28T16:15:11+00:00","breadcrumb":{"@id":"https:\/\/lsaletrado.com\/?page_id=1087#breadcrumb"},"inLanguage":"es","potentialAction":[{"@type":"ReadAction","target":["https:\/\/lsaletrado.com\/?page_id=1087"]}]},{"@type":"ImageObject","inLanguage":"es","@id":"https:\/\/lsaletrado.com\/?page_id=1087#primaryimage","url":"https:\/\/i0.wp.com\/lsaletrado.com\/wp-content\/uploads\/2020\/12\/practice2-1.jpg?fit=870%2C450&ssl=1","contentUrl":"https:\/\/i0.wp.com\/lsaletrado.com\/wp-content\/uploads\/2020\/12\/practice2-1.jpg?fit=870%2C450&ssl=1","width":870,"height":450},{"@type":"BreadcrumbList","@id":"https:\/\/lsaletrado.com\/?page_id=1087#breadcrumb","itemListElement":[{"@type":"ListItem","position":1,"name":"Portada","item":"https:\/\/lsaletrado.com\/"},{"@type":"ListItem","position":2,"name":"Home","item":"https:\/\/lsaletrado.com\/"},{"@type":"ListItem","position":3,"name":"Gestor\u00eda"}]},{"@type":"WebSite","@id":"https:\/\/lsaletrado.com\/#website","url":"https:\/\/lsaletrado.com\/","name":"LSA Letrado","description":"","publisher":{"@id":"https:\/\/lsaletrado.com\/#organization"},"potentialAction":[{"@type":"SearchAction","target":{"@type":"EntryPoint","urlTemplate":"https:\/\/lsaletrado.com\/?s={search_term_string}"},"query-input":{"@type":"PropertyValueSpecification","valueRequired":true,"valueName":"search_term_string"}}],"inLanguage":"es"},{"@type":"Organization","@id":"https:\/\/lsaletrado.com\/#organization","name":"LSA Letrado","url":"https:\/\/lsaletrado.com\/","logo":{"@type":"ImageObject","inLanguage":"es","@id":"https:\/\/lsaletrado.com\/#\/schema\/logo\/image\/","url":"https:\/\/lsaletrado.com\/wp-content\/uploads\/2024\/02\/Imagotipo-LSA-LETRADO-2-1.png","contentUrl":"https:\/\/lsaletrado.com\/wp-content\/uploads\/2024\/02\/Imagotipo-LSA-LETRADO-2-1.png","width":2560,"height":816,"caption":"LSA Letrado"},"image":{"@id":"https:\/\/lsaletrado.com\/#\/schema\/logo\/image\/"}}]}},"jetpack_sharing_enabled":true,"_links":{"self":[{"href":"https:\/\/lsaletrado.com\/index.php?rest_route=\/wp\/v2\/pages\/1087","targetHints":{"allow":["GET"]}}],"collection":[{"href":"https:\/\/lsaletrado.com\/index.php?rest_route=\/wp\/v2\/pages"}],"about":[{"href":"https:\/\/lsaletrado.com\/index.php?rest_route=\/wp\/v2\/types\/page"}],"author":[{"embeddable":true,"href":"https:\/\/lsaletrado.com\/index.php?rest_route=\/wp\/v2\/users\/1"}],"replies":[{"embeddable":true,"href":"https:\/\/lsaletrado.com\/index.php?rest_route=%2Fwp%2Fv2%2Fcomments&post=1087"}],"version-history":[{"count":71,"href":"https:\/\/lsaletrado.com\/index.php?rest_route=\/wp\/v2\/pages\/1087\/revisions"}],"predecessor-version":[{"id":9747,"href":"https:\/\/lsaletrado.com\/index.php?rest_route=\/wp\/v2\/pages\/1087\/revisions\/9747"}],"up":[{"embeddable":true,"href":"https:\/\/lsaletrado.com\/index.php?rest_route=\/wp\/v2\/pages\/388"}],"wp:attachment":[{"href":"https:\/\/lsaletrado.com\/index.php?rest_route=%2Fwp%2Fv2%2Fmedia&parent=1087"}],"curies":[{"name":"wp","href":"https:\/\/api.w.org\/{rel}","templated":true}]}}